{"id":341,"date":"2023-10-06T08:52:39","date_gmt":"2023-10-06T06:52:39","guid":{"rendered":"https:\/\/almaspedsrl.com\/zollabfertigung\/"},"modified":"2023-11-20T08:33:34","modified_gmt":"2023-11-20T07:33:34","slug":"zollabfertigung","status":"publish","type":"page","link":"https:\/\/almaspedsrl.com\/de\/zollabfertigung\/","title":{"rendered":"Zollabfertigung"},"content":{"rendered":"\t\t<div data-elementor-type=\"wp-page\" data-elementor-id=\"341\" class=\"elementor elementor-341 elementor-20\" data-elementor-post-type=\"page\">\n\t\t\t\t\t\t\t<div class=\"elementor-element elementor-element-6fea53a animated-slow e-flex e-con-boxed elementor-invisible e-con e-parent\" data-id=\"6fea53a\" data-element_type=\"container\" data-settings=\"{&quot;background_background&quot;:&quot;classic&quot;,&quot;shape_divider_bottom&quot;:&quot;triangle&quot;,&quot;shape_divider_bottom_negative&quot;:&quot;yes&quot;,&quot;animation&quot;:&quot;slideInDown&quot;,&quot;content_width&quot;:&quot;boxed&quot;}\" data-core-v316-plus=\"true\">\n\t\t\t\t\t<div class=\"e-con-inner\">\n\t\t\t\t<div class=\"elementor-shape elementor-shape-bottom\" data-negative=\"true\">\n\t\t\t<svg xmlns=\"http:\/\/www.w3.org\/2000\/svg\" viewBox=\"0 0 1000 100\" preserveAspectRatio=\"none\">\n\t<path class=\"elementor-shape-fill\" d=\"M500.2,94.7L0,0v100h1000V0L500.2,94.7z\"\/>\n<\/svg>\t\t<\/div>\n\t\t\t\t<div class=\"elementor-element elementor-element-1f9ac9f animated-slow elementor-invisible elementor-widget elementor-widget-heading\" data-id=\"1f9ac9f\" data-element_type=\"widget\" data-settings=\"{&quot;_animation&quot;:&quot;fadeIn&quot;,&quot;_animation_delay&quot;:100}\" data-widget_type=\"heading.default\">\n\t\t\t\t<div class=\"elementor-widget-container\">\n\t\t\t<style>\/*! elementor - v3.18.0 - 04-12-2023 *\/\n.elementor-heading-title{padding:0;margin:0;line-height:1}.elementor-widget-heading .elementor-heading-title[class*=elementor-size-]>a{color:inherit;font-size:inherit;line-height:inherit}.elementor-widget-heading .elementor-heading-title.elementor-size-small{font-size:15px}.elementor-widget-heading .elementor-heading-title.elementor-size-medium{font-size:19px}.elementor-widget-heading .elementor-heading-title.elementor-size-large{font-size:29px}.elementor-widget-heading .elementor-heading-title.elementor-size-xl{font-size:39px}.elementor-widget-heading .elementor-heading-title.elementor-size-xxl{font-size:59px}<\/style><h2 class=\"elementor-heading-title elementor-size-default\">OPERATIONEN<\/h2>\t\t<\/div>\n\t\t\t\t<\/div>\n\t\t\t\t<div class=\"elementor-element elementor-element-972b09c animated-slow elementor-invisible elementor-widget elementor-widget-heading\" data-id=\"972b09c\" data-element_type=\"widget\" data-settings=\"{&quot;_animation&quot;:&quot;fadeInUp&quot;,&quot;_animation_delay&quot;:500}\" data-widget_type=\"heading.default\">\n\t\t\t\t<div class=\"elementor-widget-container\">\n\t\t\t<h2 class=\"elementor-heading-title elementor-size-default\">ZOLL<\/h2>\t\t<\/div>\n\t\t\t\t<\/div>\n\t\t\t\t\t<\/div>\n\t\t\t\t<\/div>\n\t\t<div class=\"elementor-element elementor-element-340234c e-flex e-con-boxed e-con e-parent\" data-id=\"340234c\" data-element_type=\"container\" data-settings=\"{&quot;background_background&quot;:&quot;classic&quot;,&quot;content_width&quot;:&quot;boxed&quot;}\" data-core-v316-plus=\"true\">\n\t\t\t\t\t<div class=\"e-con-inner\">\n\t\t<div class=\"elementor-element elementor-element-61787bd e-con-full e-flex e-con e-child\" data-id=\"61787bd\" data-element_type=\"container\" data-settings=\"{&quot;content_width&quot;:&quot;full&quot;,&quot;background_background&quot;:&quot;classic&quot;,&quot;shape_divider_top&quot;:&quot;tilt&quot;,&quot;shape_divider_bottom&quot;:&quot;tilt&quot;}\">\n\t\t\t\t<div class=\"elementor-shape elementor-shape-top\" data-negative=\"false\">\n\t\t\t<svg xmlns=\"http:\/\/www.w3.org\/2000\/svg\" viewBox=\"0 0 1000 100\" preserveAspectRatio=\"none\">\n\t<path class=\"elementor-shape-fill\" d=\"M0,6V0h1000v100L0,6z\"\/>\n<\/svg>\t\t<\/div>\n\t\t\t\t<div class=\"elementor-shape elementor-shape-bottom\" data-negative=\"false\">\n\t\t\t<svg xmlns=\"http:\/\/www.w3.org\/2000\/svg\" viewBox=\"0 0 1000 100\" preserveAspectRatio=\"none\">\n\t<path class=\"elementor-shape-fill\" d=\"M0,6V0h1000v100L0,6z\"\/>\n<\/svg>\t\t<\/div>\n\t\t\t\t<\/div>\n\t\t<div class=\"elementor-element elementor-element-387600d e-con-full e-flex e-con e-child\" data-id=\"387600d\" data-element_type=\"container\" data-settings=\"{&quot;content_width&quot;:&quot;full&quot;}\">\n\t\t\t\t<div class=\"elementor-element elementor-element-1b154c8 elementor-widget elementor-widget-heading\" data-id=\"1b154c8\" data-element_type=\"widget\" data-widget_type=\"heading.default\">\n\t\t\t\t<div class=\"elementor-widget-container\">\n\t\t\t<p class=\"elementor-heading-title elementor-size-default\">ZOLLABFERTIGUNG<\/p>\t\t<\/div>\n\t\t\t\t<\/div>\n\t\t\t\t<div class=\"elementor-element elementor-element-0691b04 elementor-widget__width-initial elementor-widget elementor-widget-heading\" data-id=\"0691b04\" data-element_type=\"widget\" data-widget_type=\"heading.default\">\n\t\t\t\t<div class=\"elementor-widget-container\">\n\t\t\t<h2 class=\"elementor-heading-title elementor-size-default\">Stressfreier Zoll,<br>ALMASPED k\u00fcmmert sich darum<\/h2>\t\t<\/div>\n\t\t\t\t<\/div>\n\t\t\t\t<div class=\"elementor-element elementor-element-c942f1a elementor-widget elementor-widget-text-editor\" data-id=\"c942f1a\" data-element_type=\"widget\" data-widget_type=\"text-editor.default\">\n\t\t\t\t<div class=\"elementor-widget-container\">\n\t\t\t<style>\/*! elementor - v3.18.0 - 04-12-2023 *\/\n.elementor-widget-text-editor.elementor-drop-cap-view-stacked .elementor-drop-cap{background-color:#69727d;color:#fff}.elementor-widget-text-editor.elementor-drop-cap-view-framed .elementor-drop-cap{color:#69727d;border:3px solid;background-color:transparent}.elementor-widget-text-editor:not(.elementor-drop-cap-view-default) .elementor-drop-cap{margin-top:8px}.elementor-widget-text-editor:not(.elementor-drop-cap-view-default) .elementor-drop-cap-letter{width:1em;height:1em}.elementor-widget-text-editor .elementor-drop-cap{float:left;text-align:center;line-height:1;font-size:50px}.elementor-widget-text-editor .elementor-drop-cap-letter{display:inline-block}<\/style>\t\t\t\t<p class=\"p1\">Unternehmen, die an der Ein- oder Ausfuhr von Waren beteiligt sind, ben\u00f6tigen die Unterst\u00fctzung von Agenturen, die aus erfahrenen Fachleuten bestehen, die im Umgang mit den Zollgesetzen und -vorschriften geschult und in der Lage sind und auf die Zollabfertigungspraktiken von Waren, die Verwaltung von Intrastat-Diensten und die Unterst\u00fctzung bei der Durchf\u00fchrung spezialisiert sind Sie k\u00fcmmern sich um alle Zollabwicklungen und Dienstleistungen, damit Sie sich weiterhin auf sich selbst konzentrieren k\u00f6nnen <i>Kerngesch\u00e4ft<\/i>.<\/p>\n\t\t\t\t\t\t<\/div>\n\t\t\t\t<\/div>\n\t\t\t\t<\/div>\n\t\t\t\t\t<\/div>\n\t\t\t\t<\/div>\n\t\t<div class=\"elementor-element elementor-element-c841939 e-flex e-con-boxed e-con e-parent\" data-id=\"c841939\" data-element_type=\"container\" data-settings=\"{&quot;background_background&quot;:&quot;classic&quot;,&quot;shape_divider_top&quot;:&quot;triangle&quot;,&quot;shape_divider_bottom&quot;:&quot;triangle&quot;,&quot;shape_divider_bottom_negative&quot;:&quot;yes&quot;,&quot;content_width&quot;:&quot;boxed&quot;}\" data-core-v316-plus=\"true\">\n\t\t\t\t\t<div class=\"e-con-inner\">\n\t\t\t\t<div class=\"elementor-shape elementor-shape-top\" data-negative=\"false\">\n\t\t\t<svg xmlns=\"http:\/\/www.w3.org\/2000\/svg\" viewBox=\"0 0 1000 100\" preserveAspectRatio=\"none\">\n\t<path class=\"elementor-shape-fill\" d=\"M500,98.9L0,6.1V0h1000v6.1L500,98.9z\"\/>\n<\/svg>\t\t<\/div>\n\t\t\t\t<div class=\"elementor-shape elementor-shape-bottom\" data-negative=\"true\">\n\t\t\t<svg xmlns=\"http:\/\/www.w3.org\/2000\/svg\" viewBox=\"0 0 1000 100\" preserveAspectRatio=\"none\">\n\t<path class=\"elementor-shape-fill\" d=\"M500.2,94.7L0,0v100h1000V0L500.2,94.7z\"\/>\n<\/svg>\t\t<\/div>\n\t\t<div class=\"elementor-element elementor-element-6f8049f e-con-full e-flex e-con e-child\" data-id=\"6f8049f\" data-element_type=\"container\" data-settings=\"{&quot;content_width&quot;:&quot;full&quot;}\">\n\t\t\t\t<div class=\"elementor-element elementor-element-f5e1554 elementor-widget elementor-widget-text-editor\" data-id=\"f5e1554\" data-element_type=\"widget\" data-widget_type=\"text-editor.default\">\n\t\t\t\t<div class=\"elementor-widget-container\">\n\t\t\t\t\t\t\t<p class=\"p1\">Unsere Mitarbeiter befassen sich unter anderem mit Zollverfahren und verf\u00fcgen dazu neben der Kenntnis der Regeln und Pflichten \u00fcber einen analytischen Ansatz in Bezug auf internationale Austauschsysteme, um die Import- und Exportprozesse zu erleichtern Gleichzeitig tragen sie dazu bei, die Gesch\u00e4ftsm\u00f6glichkeiten der Kundenunternehmen zu erh\u00f6hen.<br \/>Das Zollwesen ist ein in rechtlicher und steuerlicher Hinsicht st\u00e4ndig aktualisiertes Fachgebiet, dessen Regelungen laufend \u00fcberpr\u00fcft und an die Zeit angepasst werden, sodass es sich um einen Bereich handelt, dessen Beherrschung in all seinen Nuancen sehr aufw\u00e4ndig ist.<\/p>\n<p class=\"p2\">Die Bew\u00e4ltigung dieses komplexen Sektors ohne angemessene Unterst\u00fctzung kann Ihr Unternehmen gef\u00e4hrden, da Sie auf Probleme sto\u00dfen, die sowohl aus zeitlicher als auch aus wirtschaftlicher Sicht eine komplexe und oft kostspielige Verwaltung und L\u00f6sung erfordern.<\/p>\n\t\t\t\t\t\t<\/div>\n\t\t\t\t<\/div>\n\t\t\t\t<\/div>\n\t\t<div class=\"elementor-element elementor-element-b6ce02c e-con-full e-flex e-con e-child\" data-id=\"b6ce02c\" data-element_type=\"container\" data-settings=\"{&quot;content_width&quot;:&quot;full&quot;,&quot;background_background&quot;:&quot;classic&quot;,&quot;shape_divider_top&quot;:&quot;tilt&quot;,&quot;shape_divider_bottom&quot;:&quot;tilt&quot;}\">\n\t\t\t\t<div class=\"elementor-shape elementor-shape-top\" data-negative=\"false\">\n\t\t\t<svg xmlns=\"http:\/\/www.w3.org\/2000\/svg\" viewBox=\"0 0 1000 100\" preserveAspectRatio=\"none\">\n\t<path class=\"elementor-shape-fill\" d=\"M0,6V0h1000v100L0,6z\"\/>\n<\/svg>\t\t<\/div>\n\t\t\t\t<div class=\"elementor-shape elementor-shape-bottom\" data-negative=\"false\">\n\t\t\t<svg xmlns=\"http:\/\/www.w3.org\/2000\/svg\" viewBox=\"0 0 1000 100\" preserveAspectRatio=\"none\">\n\t<path class=\"elementor-shape-fill\" d=\"M0,6V0h1000v100L0,6z\"\/>\n<\/svg>\t\t<\/div>\n\t\t\t\t<\/div>\n\t\t\t\t\t<\/div>\n\t\t\t\t<\/div>\n\t\t<div class=\"elementor-element elementor-element-db9330d e-flex e-con-boxed e-con e-parent\" data-id=\"db9330d\" data-element_type=\"container\" data-settings=\"{&quot;content_width&quot;:&quot;boxed&quot;}\" data-core-v316-plus=\"true\">\n\t\t\t\t\t<div class=\"e-con-inner\">\n\t\t\t\t<div class=\"elementor-element elementor-element-f33e156 elementor-widget elementor-widget-image\" data-id=\"f33e156\" data-element_type=\"widget\" data-widget_type=\"image.default\">\n\t\t\t\t<div class=\"elementor-widget-container\">\n\t\t\t<style>\/*! elementor - v3.18.0 - 04-12-2023 *\/\n.elementor-widget-image{text-align:center}.elementor-widget-image a{display:inline-block}.elementor-widget-image a img[src$=\".svg\"]{width:48px}.elementor-widget-image img{vertical-align:middle;display:inline-block}<\/style>\t\t\t\t\t\t\t\t\t\t\t\t<img fetchpriority=\"high\" decoding=\"async\" width=\"512\" height=\"512\" src=\"https:\/\/almaspedsrl.com\/wp-content\/uploads\/2023\/10\/MONOGRAMMA_2.png\" class=\"attachment-large size-large wp-image-274\" alt=\"\" srcset=\"https:\/\/almaspedsrl.com\/wp-content\/uploads\/2023\/10\/MONOGRAMMA_2.png 512w, https:\/\/almaspedsrl.com\/wp-content\/uploads\/2023\/10\/MONOGRAMMA_2-300x300.png 300w, https:\/\/almaspedsrl.com\/wp-content\/uploads\/2023\/10\/MONOGRAMMA_2-150x150.png 150w\" sizes=\"(max-width: 512px) 100vw, 512px\" \/>\t\t\t\t\t\t\t\t\t\t\t\t\t\t\t<\/div>\n\t\t\t\t<\/div>\n\t\t\t\t<div class=\"elementor-element elementor-element-36b8dd5 elementor-widget__width-inherit elementor-widget elementor-widget-heading\" data-id=\"36b8dd5\" data-element_type=\"widget\" data-widget_type=\"heading.default\">\n\t\t\t\t<div class=\"elementor-widget-container\">\n\t\t\t<h2 class=\"elementor-heading-title elementor-size-default\">Die Operationen davon<br>wir besch\u00e4ftigen uns damit<\/h2>\t\t<\/div>\n\t\t\t\t<\/div>\n\t\t\t\t\t<\/div>\n\t\t\t\t<\/div>\n\t\t<div class=\"elementor-element elementor-element-21bfc4e e-flex e-con-boxed e-con e-parent\" data-id=\"21bfc4e\" data-element_type=\"container\" data-settings=\"{&quot;content_width&quot;:&quot;boxed&quot;}\" data-core-v316-plus=\"true\">\n\t\t\t\t\t<div class=\"e-con-inner\">\n\t\t<div class=\"elementor-element elementor-element-3df45c9 e-con-full animated-fast e-flex elementor-invisible e-con e-child\" data-id=\"3df45c9\" data-element_type=\"container\" data-settings=\"{&quot;content_width&quot;:&quot;full&quot;,&quot;background_background&quot;:&quot;classic&quot;,&quot;animation&quot;:&quot;fadeInLeft&quot;}\">\n\t\t\t\t<div class=\"elementor-element elementor-element-50fe8e4 elementor-widget__width-inherit elementor-widget elementor-widget-heading\" data-id=\"50fe8e4\" data-element_type=\"widget\" data-widget_type=\"heading.default\">\n\t\t\t\t<div class=\"elementor-widget-container\">\n\t\t\t<h2 class=\"elementor-heading-title elementor-size-default\">EXPORT<\/h2>\t\t<\/div>\n\t\t\t\t<\/div>\n\t\t\t\t<div class=\"elementor-element elementor-element-6fdf551 elementor-widget elementor-widget-text-editor\" data-id=\"6fdf551\" data-element_type=\"widget\" data-widget_type=\"text-editor.default\">\n\t\t\t\t<div class=\"elementor-widget-container\">\n\t\t\t\t\t\t\t<ul class=\"ul1\">\n<li class=\"li1\">Endg\u00fcltiger Export;<\/li>\n<li class=\"li1\">Vor\u00fcbergehender Export;<\/li>\n<li class=\"li1\">Passive Verbesserung;<\/li>\n<li class=\"li1\">Wiederausfuhr von Waren ins Ausland;<\/li>\n<li class=\"li1\">Komplexe Exporte (CITES, Verbrauchsteuern, lizenzierte Waren);<\/li>\n<li class=\"li1\">Anschlie\u00dfender Export.<\/li>\n<\/ul>\n\t\t\t\t\t\t<\/div>\n\t\t\t\t<\/div>\n\t\t\t\t<\/div>\n\t\t<div class=\"elementor-element elementor-element-473953c e-con-full animated-fast e-flex elementor-invisible e-con e-child\" data-id=\"473953c\" data-element_type=\"container\" data-settings=\"{&quot;content_width&quot;:&quot;full&quot;,&quot;background_background&quot;:&quot;classic&quot;,&quot;animation&quot;:&quot;fadeInDown&quot;}\">\n\t\t\t\t<div class=\"elementor-element elementor-element-eebcc84 elementor-widget__width-inherit elementor-widget elementor-widget-heading\" data-id=\"eebcc84\" data-element_type=\"widget\" data-widget_type=\"heading.default\">\n\t\t\t\t<div class=\"elementor-widget-container\">\n\t\t\t<h2 class=\"elementor-heading-title elementor-size-default\">IMPORT<\/h2>\t\t<\/div>\n\t\t\t\t<\/div>\n\t\t\t\t<div class=\"elementor-element elementor-element-5f0035e elementor-widget elementor-widget-text-editor\" data-id=\"5f0035e\" data-element_type=\"widget\" data-widget_type=\"text-editor.default\">\n\t\t\t\t<div class=\"elementor-widget-container\">\n\t\t\t\t\t\t\t<ul class=\"ul1\">\n<li class=\"li1\">Endg\u00fcltiger Import;<\/li>\n<li class=\"li1\">Vor\u00fcbergehende Aufnahme;<\/li>\n<li class=\"li1\">Aktive Verbesserung;<\/li>\n<li class=\"li1\">Endverwendung;<\/li><li class=\"li1\">Wiedereinf\u00fchrung der Zollfreiheit;<\/li>\n<li class=\"li1\">Gesundheits-, Veterin\u00e4r- und Phytofreigabe;<\/li>\n<li class=\"li1\">Radiometrische Freigaben;<\/li>\n<li class=\"li1\">Nachtr\u00e4glicher Import.<\/li>\n<\/ul>\t\t\t\t\t\t<\/div>\n\t\t\t\t<\/div>\n\t\t\t\t<\/div>\n\t\t<div class=\"elementor-element elementor-element-dafe5b6 e-con-full animated-fast e-flex elementor-invisible e-con e-child\" data-id=\"dafe5b6\" data-element_type=\"container\" data-settings=\"{&quot;content_width&quot;:&quot;full&quot;,&quot;background_background&quot;:&quot;classic&quot;,&quot;animation&quot;:&quot;fadeInRight&quot;}\">\n\t\t\t\t<div class=\"elementor-element elementor-element-401fd34 elementor-widget__width-inherit elementor-widget elementor-widget-heading\" data-id=\"401fd34\" data-element_type=\"widget\" data-widget_type=\"heading.default\">\n\t\t\t\t<div class=\"elementor-widget-container\">\n\t\t\t<h2 class=\"elementor-heading-title elementor-size-default\">TRANSIT<\/h2>\t\t<\/div>\n\t\t\t\t<\/div>\n\t\t\t\t<div class=\"elementor-element elementor-element-5f10590 elementor-widget elementor-widget-text-editor\" data-id=\"5f10590\" data-element_type=\"widget\" data-widget_type=\"text-editor.default\">\n\t\t\t\t<div class=\"elementor-widget-container\">\n\t\t\t\t\t\t\t<ul class=\"ul1\">\n<li class=\"li1\">Emission von T1 \/ T2;<\/li>\n<li class=\"li1\">Export kombiniert mit Transit;<\/li>\n<li class=\"li1\">Bevollm\u00e4chtigter Empf\u00e4nger;<\/li>\n<li class=\"li1\">Transitgarantie.<\/li>\n<\/ul>\n\t\t\t\t\t\t<\/div>\n\t\t\t\t<\/div>\n\t\t\t\t<\/div>\n\t\t\t\t\t<\/div>\n\t\t\t\t<\/div>\n\t\t<div class=\"elementor-element elementor-element-8cdb2a2 e-flex e-con-boxed e-con e-parent\" data-id=\"8cdb2a2\" data-element_type=\"container\" data-settings=\"{&quot;content_width&quot;:&quot;boxed&quot;}\" data-core-v316-plus=\"true\">\n\t\t\t\t\t<div class=\"e-con-inner\">\n\t\t<div class=\"elementor-element elementor-element-3a062f2 e-con-full animated-fast e-flex elementor-invisible e-con e-child\" data-id=\"3a062f2\" data-element_type=\"container\" data-settings=\"{&quot;content_width&quot;:&quot;full&quot;,&quot;background_background&quot;:&quot;classic&quot;,&quot;animation&quot;:&quot;fadeInLeft&quot;}\">\n\t\t\t\t<div class=\"elementor-element elementor-element-01f0dd6 elementor-widget__width-inherit elementor-widget elementor-widget-heading\" data-id=\"01f0dd6\" data-element_type=\"widget\" data-widget_type=\"heading.default\">\n\t\t\t\t<div class=\"elementor-widget-container\">\n\t\t\t<h2 class=\"elementor-heading-title elementor-size-default\">CARNET<\/h2>\t\t<\/div>\n\t\t\t\t<\/div>\n\t\t\t\t<div class=\"elementor-element elementor-element-2f96862 elementor-widget elementor-widget-text-editor\" data-id=\"2f96862\" data-element_type=\"widget\" data-widget_type=\"text-editor.default\">\n\t\t\t\t<div class=\"elementor-widget-container\">\n\t\t\t\t\t\t\t<ul class=\"ul1\">\n<li class=\"li1\">\u00d6ffnen und Schlie\u00dfen von Carnets ATA und Carnets TIR;<\/li>\n<li class=\"li1\">Zollverwaltung der Verpflichtungen kombiniert mit Carnet;<\/li>\n<li class=\"li1\">Best\u00e4tigung und Validierung von Carnets ATA und TIR.<\/li>\n<\/ul>\n\t\t\t\t\t\t<\/div>\n\t\t\t\t<\/div>\n\t\t\t\t<\/div>\n\t\t<div class=\"elementor-element elementor-element-f090a9b e-con-full animated-fast e-flex elementor-invisible e-con e-child\" data-id=\"f090a9b\" data-element_type=\"container\" data-settings=\"{&quot;content_width&quot;:&quot;full&quot;,&quot;background_background&quot;:&quot;classic&quot;,&quot;animation&quot;:&quot;fadeInUp&quot;}\">\n\t\t\t\t<div class=\"elementor-element elementor-element-3cbbd3c elementor-widget__width-inherit elementor-widget elementor-widget-heading\" data-id=\"3cbbd3c\" data-element_type=\"widget\" data-widget_type=\"heading.default\">\n\t\t\t\t<div class=\"elementor-widget-container\">\n\t\t\t<h2 class=\"elementor-heading-title elementor-size-default\">EUR1 \/ EURMED \/ ATR-Zertifikate<\/h2>\t\t<\/div>\n\t\t\t\t<\/div>\n\t\t\t\t<div class=\"elementor-element elementor-element-d1f1483 elementor-widget elementor-widget-text-editor\" data-id=\"d1f1483\" data-element_type=\"widget\" data-widget_type=\"text-editor.default\">\n\t\t\t\t<div class=\"elementor-widget-container\">\n\t\t\t\t\t\t\t<ul class=\"ul1\">\n<li class=\"li1\">Ausstellung von Ursprungszeugnissen EUR1\/EURMED\/ATR;<\/li>\n<li class=\"li1\">Dokumentarische \u00dcberpr\u00fcfung der korrekten Zuordnung des Vorzugscharakters.<\/li>\n<\/ul>\n\t\t\t\t\t\t<\/div>\n\t\t\t\t<\/div>\n\t\t\t\t<\/div>\n\t\t<div class=\"elementor-element elementor-element-bbd618a e-con-full animated-fast e-flex elementor-invisible e-con e-child\" data-id=\"bbd618a\" data-element_type=\"container\" data-settings=\"{&quot;content_width&quot;:&quot;full&quot;,&quot;background_background&quot;:&quot;classic&quot;,&quot;animation&quot;:&quot;fadeInRight&quot;}\">\n\t\t\t\t<div class=\"elementor-element elementor-element-81ecedd elementor-widget__width-inherit elementor-widget elementor-widget-heading\" data-id=\"81ecedd\" data-element_type=\"widget\" data-widget_type=\"heading.default\">\n\t\t\t\t<div class=\"elementor-widget-container\">\n\t\t\t<h2 class=\"elementor-heading-title elementor-size-default\">INTRASTAT<\/h2>\t\t<\/div>\n\t\t\t\t<\/div>\n\t\t\t\t<div class=\"elementor-element elementor-element-eeffd9a elementor-widget elementor-widget-text-editor\" data-id=\"eeffd9a\" data-element_type=\"widget\" data-widget_type=\"text-editor.default\">\n\t\t\t\t<div class=\"elementor-widget-container\">\n\t\t\t\t\t\t\t<ul class=\"ul1\">\n<li class=\"li1\">Genaue Klassifizierung der Werke (Gem\u00e4lde, Skulpturen, antike M\u00f6bel&#8230;);<\/li>\n<li class=\"li1\">Anforderung einer Dokumentation f\u00fcr den Export \u00fcber das SUE-System;<\/li>\n<li class=\"li1\">Import\/Export von Waren von k\u00fcnstlerischem Wert, sowohl f\u00fcr kommerzielle als auch f\u00fcr Ausstellungszwecke<\/li>\n<\/ul>\n\t\t\t\t\t\t<\/div>\n\t\t\t\t<\/div>\n\t\t\t\t<\/div>\n\t\t\t\t\t<\/div>\n\t\t\t\t<\/div>\n\t\t\t\t\t\t\t<\/div>\n\t\t","protected":false},"excerpt":{"rendered":"<p>OPERATIONEN ZOLL ZOLLABFERTIGUNG Stressfreier Zoll,ALMASPED k\u00fcmmert sich darum Unternehmen, die an der Ein- oder Ausfuhr von Waren beteiligt sind, ben\u00f6tigen die Unterst\u00fctzung von Agenturen, die aus erfahrenen Fachleuten bestehen, die im Umgang mit den Zollgesetzen und -vorschriften geschult und in der Lage sind und auf die Zollabfertigungspraktiken von Waren, die Verwaltung von Intrastat-Diensten und die [&hellip;]<\/p>\n","protected":false},"author":1,"featured_media":0,"parent":0,"menu_order":0,"comment_status":"closed","ping_status":"closed","template":"","meta":{"om_disable_all_campaigns":false,"_monsterinsights_skip_tracking":false,"_monsterinsights_sitenote_active":false,"_monsterinsights_sitenote_note":"","_monsterinsights_sitenote_category":0,"_uf_show_specific_survey":0,"_uf_disable_surveys":false,"footnotes":""},"class_list":["post-341","page","type-page","status-publish","hentry"],"aioseo_notices":[],"_links":{"self":[{"href":"https:\/\/almaspedsrl.com\/de\/wp-json\/wp\/v2\/pages\/341","targetHints":{"allow":["GET"]}}],"collection":[{"href":"https:\/\/almaspedsrl.com\/de\/wp-json\/wp\/v2\/pages"}],"about":[{"href":"https:\/\/almaspedsrl.com\/de\/wp-json\/wp\/v2\/types\/page"}],"author":[{"embeddable":true,"href":"https:\/\/almaspedsrl.com\/de\/wp-json\/wp\/v2\/users\/1"}],"replies":[{"embeddable":true,"href":"https:\/\/almaspedsrl.com\/de\/wp-json\/wp\/v2\/comments?post=341"}],"version-history":[{"count":5,"href":"https:\/\/almaspedsrl.com\/de\/wp-json\/wp\/v2\/pages\/341\/revisions"}],"predecessor-version":[{"id":516,"href":"https:\/\/almaspedsrl.com\/de\/wp-json\/wp\/v2\/pages\/341\/revisions\/516"}],"wp:attachment":[{"href":"https:\/\/almaspedsrl.com\/de\/wp-json\/wp\/v2\/media?parent=341"}],"curies":[{"name":"wp","href":"https:\/\/api.w.org\/{rel}","templated":true}]}}