{"id":325,"date":"2023-10-06T08:52:16","date_gmt":"2023-10-06T06:52:16","guid":{"rendered":"https:\/\/almaspedsrl.com\/wer-wir-sind\/"},"modified":"2023-11-20T08:30:51","modified_gmt":"2023-11-20T07:30:51","slug":"wer-wir-sind","status":"publish","type":"page","link":"https:\/\/almaspedsrl.com\/de\/wer-wir-sind\/","title":{"rendered":"Wer wir sind"},"content":{"rendered":"\t\t<div data-elementor-type=\"wp-page\" data-elementor-id=\"325\" class=\"elementor elementor-325 elementor-16\" data-elementor-post-type=\"page\">\n\t\t\t\t\t\t\t<div class=\"elementor-element elementor-element-0dc38c7 animated-slow e-flex e-con-boxed elementor-invisible e-con e-parent\" data-id=\"0dc38c7\" data-element_type=\"container\" data-settings=\"{&quot;background_background&quot;:&quot;classic&quot;,&quot;shape_divider_bottom&quot;:&quot;triangle&quot;,&quot;shape_divider_bottom_negative&quot;:&quot;yes&quot;,&quot;animation&quot;:&quot;slideInDown&quot;,&quot;content_width&quot;:&quot;boxed&quot;}\" data-core-v316-plus=\"true\">\n\t\t\t\t\t<div class=\"e-con-inner\">\n\t\t\t\t<div class=\"elementor-shape elementor-shape-bottom\" data-negative=\"true\">\n\t\t\t<svg xmlns=\"http:\/\/www.w3.org\/2000\/svg\" viewBox=\"0 0 1000 100\" preserveAspectRatio=\"none\">\n\t<path class=\"elementor-shape-fill\" d=\"M500.2,94.7L0,0v100h1000V0L500.2,94.7z\"\/>\n<\/svg>\t\t<\/div>\n\t\t\t\t<div class=\"elementor-element elementor-element-162136f animated-slow elementor-invisible elementor-widget elementor-widget-heading\" data-id=\"162136f\" data-element_type=\"widget\" data-settings=\"{&quot;_animation&quot;:&quot;fadeIn&quot;,&quot;_animation_delay&quot;:100}\" data-widget_type=\"heading.default\">\n\t\t\t\t<div class=\"elementor-widget-container\">\n\t\t\t<style>\/*! elementor - v3.18.0 - 04-12-2023 *\/\n.elementor-heading-title{padding:0;margin:0;line-height:1}.elementor-widget-heading .elementor-heading-title[class*=elementor-size-]>a{color:inherit;font-size:inherit;line-height:inherit}.elementor-widget-heading .elementor-heading-title.elementor-size-small{font-size:15px}.elementor-widget-heading .elementor-heading-title.elementor-size-medium{font-size:19px}.elementor-widget-heading .elementor-heading-title.elementor-size-large{font-size:29px}.elementor-widget-heading .elementor-heading-title.elementor-size-xl{font-size:39px}.elementor-widget-heading .elementor-heading-title.elementor-size-xxl{font-size:59px}<\/style><h2 class=\"elementor-heading-title elementor-size-default\">WER<\/h2>\t\t<\/div>\n\t\t\t\t<\/div>\n\t\t\t\t<div class=\"elementor-element elementor-element-62f05ef animated-slow elementor-invisible elementor-widget elementor-widget-heading\" data-id=\"62f05ef\" data-element_type=\"widget\" data-settings=\"{&quot;_animation&quot;:&quot;fadeInUp&quot;,&quot;_animation_delay&quot;:500}\" data-widget_type=\"heading.default\">\n\t\t\t\t<div class=\"elementor-widget-container\">\n\t\t\t<h2 class=\"elementor-heading-title elementor-size-default\">WIR SIND<\/h2>\t\t<\/div>\n\t\t\t\t<\/div>\n\t\t\t\t\t<\/div>\n\t\t\t\t<\/div>\n\t\t<div class=\"elementor-element elementor-element-59fffeb e-flex e-con-boxed e-con e-parent\" data-id=\"59fffeb\" data-element_type=\"container\" data-settings=\"{&quot;background_background&quot;:&quot;classic&quot;,&quot;content_width&quot;:&quot;boxed&quot;}\" data-core-v316-plus=\"true\">\n\t\t\t\t\t<div class=\"e-con-inner\">\n\t\t<div class=\"elementor-element elementor-element-7257f7d e-con-full e-flex e-con e-child\" data-id=\"7257f7d\" data-element_type=\"container\" data-settings=\"{&quot;content_width&quot;:&quot;full&quot;,&quot;background_background&quot;:&quot;classic&quot;,&quot;shape_divider_top&quot;:&quot;tilt&quot;,&quot;shape_divider_bottom&quot;:&quot;tilt&quot;}\">\n\t\t\t\t<div class=\"elementor-shape elementor-shape-top\" data-negative=\"false\">\n\t\t\t<svg xmlns=\"http:\/\/www.w3.org\/2000\/svg\" viewBox=\"0 0 1000 100\" preserveAspectRatio=\"none\">\n\t<path class=\"elementor-shape-fill\" d=\"M0,6V0h1000v100L0,6z\"\/>\n<\/svg>\t\t<\/div>\n\t\t\t\t<div class=\"elementor-shape elementor-shape-bottom\" data-negative=\"false\">\n\t\t\t<svg xmlns=\"http:\/\/www.w3.org\/2000\/svg\" viewBox=\"0 0 1000 100\" preserveAspectRatio=\"none\">\n\t<path class=\"elementor-shape-fill\" d=\"M0,6V0h1000v100L0,6z\"\/>\n<\/svg>\t\t<\/div>\n\t\t\t\t<\/div>\n\t\t<div class=\"elementor-element elementor-element-a951690 e-con-full e-flex e-con e-child\" data-id=\"a951690\" data-element_type=\"container\" data-settings=\"{&quot;content_width&quot;:&quot;full&quot;}\">\n\t\t\t\t<div class=\"elementor-element elementor-element-1b4f1f8 elementor-widget elementor-widget-heading\" data-id=\"1b4f1f8\" data-element_type=\"widget\" data-widget_type=\"heading.default\">\n\t\t\t\t<div class=\"elementor-widget-container\">\n\t\t\t<p class=\"elementor-heading-title elementor-size-default\">WER WIR SIND<\/p>\t\t<\/div>\n\t\t\t\t<\/div>\n\t\t\t\t<div class=\"elementor-element elementor-element-f579b2a elementor-widget__width-initial elementor-widget elementor-widget-heading\" data-id=\"f579b2a\" data-element_type=\"widget\" data-widget_type=\"heading.default\">\n\t\t\t\t<div class=\"elementor-widget-container\">\n\t\t\t<h2 class=\"elementor-heading-title elementor-size-default\">Wir sind ein Bezugspunkt mit \u00fcber drei\u00dfigj\u00e4hriger Erfahrung<\/h2>\t\t<\/div>\n\t\t\t\t<\/div>\n\t\t\t\t<div class=\"elementor-element elementor-element-f475e4b elementor-widget elementor-widget-text-editor\" data-id=\"f475e4b\" data-element_type=\"widget\" data-widget_type=\"text-editor.default\">\n\t\t\t\t<div class=\"elementor-widget-container\">\n\t\t\t<style>\/*! elementor - v3.18.0 - 04-12-2023 *\/\n.elementor-widget-text-editor.elementor-drop-cap-view-stacked .elementor-drop-cap{background-color:#69727d;color:#fff}.elementor-widget-text-editor.elementor-drop-cap-view-framed .elementor-drop-cap{color:#69727d;border:3px solid;background-color:transparent}.elementor-widget-text-editor:not(.elementor-drop-cap-view-default) .elementor-drop-cap{margin-top:8px}.elementor-widget-text-editor:not(.elementor-drop-cap-view-default) .elementor-drop-cap-letter{width:1em;height:1em}.elementor-widget-text-editor .elementor-drop-cap{float:left;text-align:center;line-height:1;font-size:50px}.elementor-widget-text-editor .elementor-drop-cap-letter{display:inline-block}<\/style>\t\t\t\t<p class=\"p1\">Wir sind ein Bezugspunkt mit \u00fcber drei\u00dfig Jahren Erfahrung in der Zollberatung und Zollabwicklung mit dem Ziel, unseren Kunden alle M\u00f6glichkeiten aufzuzeigen, die die Gesetzgebung und der Zollkodex Unternehmen bieten, die im internationalen Handel t\u00e4tig sind.<\/p>\n<p class=\"p1\"><span class=\"s1\">Wirtschaftsbeteiligte k\u00f6nnen sich darauf verlassen, dass unsere Fachleute die Richtigkeit der f\u00fcr die Durchf\u00fchrung von Zollvorg\u00e4ngen erstellten Dokumentation \u00fcberpr\u00fcfen, angefangen von der Konsistenz des Zolltarifs, der den Warentypen zugewiesen wird, die der Bef\u00f6rderung unterliegen, bis hin zur Notwendigkeit der beigef\u00fcgten Bescheinigungen der Ware sowie deren Richtigkeit und den der Ware zugewiesenen Wert.<\/span><\/p>\n<p class=\"p1\"><span class=\"s1\">All diese Aktivit\u00e4ten mit der Sicherheit der Zuverl\u00e4ssigkeit eines schnellen und personalisierten IT-Systems, das auf den Bed\u00fcrfnissen des Kunden basiert.<\/span><\/p>\n<p class=\"p1\">Seit 2013 stellt uns die Zollbeh\u00f6rde die Qualifikation \u201eAEO\u201c aus, die die beruflichen Qualifikationen bescheinigt <i>Fachwissen<\/i> die uns auszeichnen.<\/p>\n\t\t\t\t\t\t<\/div>\n\t\t\t\t<\/div>\n\t\t\t\t<\/div>\n\t\t\t\t\t<\/div>\n\t\t\t\t<\/div>\n\t\t\t\t\t\t\t<\/div>\n\t\t","protected":false},"excerpt":{"rendered":"<p>WER WIR SIND WER WIR SIND Wir sind ein Bezugspunkt mit \u00fcber drei\u00dfigj\u00e4hriger Erfahrung Wir sind ein Bezugspunkt mit \u00fcber drei\u00dfig Jahren Erfahrung in der Zollberatung und Zollabwicklung mit dem Ziel, unseren Kunden alle M\u00f6glichkeiten aufzuzeigen, die die Gesetzgebung und der Zollkodex Unternehmen bieten, die im internationalen Handel t\u00e4tig sind. Wirtschaftsbeteiligte k\u00f6nnen sich darauf verlassen, [&hellip;]<\/p>\n","protected":false},"author":1,"featured_media":0,"parent":0,"menu_order":0,"comment_status":"closed","ping_status":"closed","template":"","meta":{"om_disable_all_campaigns":false,"_monsterinsights_skip_tracking":false,"_monsterinsights_sitenote_active":false,"_monsterinsights_sitenote_note":"","_monsterinsights_sitenote_category":0,"_uf_show_specific_survey":0,"_uf_disable_surveys":false,"footnotes":""},"class_list":["post-325","page","type-page","status-publish","hentry"],"aioseo_notices":[],"_links":{"self":[{"href":"https:\/\/almaspedsrl.com\/de\/wp-json\/wp\/v2\/pages\/325","targetHints":{"allow":["GET"]}}],"collection":[{"href":"https:\/\/almaspedsrl.com\/de\/wp-json\/wp\/v2\/pages"}],"about":[{"href":"https:\/\/almaspedsrl.com\/de\/wp-json\/wp\/v2\/types\/page"}],"author":[{"embeddable":true,"href":"https:\/\/almaspedsrl.com\/de\/wp-json\/wp\/v2\/users\/1"}],"replies":[{"embeddable":true,"href":"https:\/\/almaspedsrl.com\/de\/wp-json\/wp\/v2\/comments?post=325"}],"version-history":[{"count":3,"href":"https:\/\/almaspedsrl.com\/de\/wp-json\/wp\/v2\/pages\/325\/revisions"}],"predecessor-version":[{"id":507,"href":"https:\/\/almaspedsrl.com\/de\/wp-json\/wp\/v2\/pages\/325\/revisions\/507"}],"wp:attachment":[{"href":"https:\/\/almaspedsrl.com\/de\/wp-json\/wp\/v2\/media?parent=325"}],"curies":[{"name":"wp","href":"https:\/\/api.w.org\/{rel}","templated":true}]}}